{"id":5575,"date":"2019-09-04T12:22:12","date_gmt":"2019-09-04T10:22:12","guid":{"rendered":"https:\/\/www.fewo-hohetauern.at\/?page_id=5575"},"modified":"2020-06-16T09:52:16","modified_gmt":"2020-06-16T07:52:16","slug":"online-rezervacia","status":"publish","type":"page","link":"https:\/\/www.gaestehaus-zwischenberger.at\/sk\/online-rezervacia\/","title":{"rendered":"Online rezerv\u00e1cia"},"content":{"rendered":"<div class=\"wpb-content-wrapper\"><p>[vc_row css=&#8220;.vc_custom_1527764409511{margin-top: 0px !important;padding-top: 0px !important;padding-bottom: 40px !important;background-color: #ffffff !important;}&#8220;][vc_column]<header class='content-heading'>\n\t\t\t\t\t\t<h1 class='main-heading'>Online rezerv\u00e1cia<\/h1>\n\t\t\t\t\t\t<div class='main-subtitle'><p>Objednajte si e\u0161te dnes Va\u0161u vysn\u00edvan\u00fa dovolenku priamo u n\u00e1s.<\/p>\n<\/div>\t\t\t\t\t\t\n\t\t\t\t\t\t<div class='seperator'><\/div>\n\t\t\t\t\t<\/header>[vc_row_inner css=&#8220;.vc_custom_1527764453162{padding-top: 20px !important;}&#8220;][vc_column_inner][vc_raw_html]JTNDZGl2JTIwaWQlM0QlMjJlYkZyb250RW5kRnJhbWUlMjIlM0UlMjZuYnNwJTNCJTNDJTJGZGl2JTNFJTBBJTNDc2NyaXB0JTIwc3JjJTNEJTIyJTJGJTJGd3d3LmVhc3ktYm9va2luZy5hdCUyRmNsaWVudFdlYjAwMSUyRmpzJTJGanF1ZXJ5LmVhc3lib29raW5nLmZyb250ZW5kLnYyLmpzJTIyJTIwdHlwZSUzRCUyMnRleHQlMkZqYXZhc2NyaXB0JTIyJTNFJTNDJTJGc2NyaXB0JTNFJTBBJTNDc2NyaXB0JTIwdHlwZSUzRCUyMnRleHQlMkZqYXZhc2NyaXB0JTIyJTNFZnVuY3Rpb24lMjBlYkZyb250ZW5kTG9hZGVkQ2hlY2slMjglMjklMjAlN0IlMEElMjAlMjAlMjAlMjBpZiUyOHR5cGVvZiUyMGpRdWVyeSUyMCUyMSUzRCUyMCUyMnVuZGVmaW5lZCUyMiUyOSUyMCU3QiUwQSUyMCUyMCUyMCUyMCUyMCUyMCUyMCUyMGlmJTI4alF1ZXJ5LmZuLmViRnJvbnRFbmQlMjklMjAlN0IlMEElMjAlMjAlMjAlMjAlMjAlMjAlMjAlMjAlMjAlMjAlMjAlMjBqUXVlcnklMjglMjIlMjNlYkZyb250RW5kRnJhbWUlMjIlMjkuZWJGcm9udEVuZCUyOCU3QiUwQSUyMCUyMCUyMCUyMCUyMCUyMCUyMCUyMCUyMCUyMCUyMCUyMCUyMCUyMCUyMCUyMGN1c3RvbWVySWQlM0ElMjAyNTQxJTJDJTBBJTIwJTIwJTIwJTIwJTIwJTIwJTIwJTIwJTIwJTIwJTIwJTIwJTIwJTIwJTIwJTIwc2VyaWFsTm8lM0ElMjAlMjIyMzMxLTk2NTMtNzgzMiUyMiUyQyUwQSUyMCUyMCUyMCUyMCUyMCUyMCUyMCUyMCUyMCUyMCUyMCUyMCUyMCUyMCUyMCUyMGxvY2FsZUlkJTNBJTIwMSUyQyUwQSUyMCUyMCUyMCUyMCUyMCUyMCUyMCUyMCUyMCUyMCUyMCUyMCUyMCUyMCUyMCUyMGZyYW1lSWQlM0ElMjAlMjJlYkZyb250RW5kUGx1Z2luJTIyJTJDJTBBJTIwJTIwJTIwJTIwJTIwJTIwJTIwJTIwJTIwJTIwJTIwJTIwJTIwJTIwJTIwJTIwZnJhbWVXaWR0aCUzQSUyMCUyMmF1dG8lMjIlMkMlMEElMjAlMjAlMjAlMjAlMjAlMjAlMjAlMjAlMjAlMjAlMjAlMjAlMjAlMjAlMjAlMjBmcmFtZUhlaWdodCUzQSUyMCUyMmF1dG8lMjIlMkMlMEElMjAlMjAlMjAlMjAlMjAlMjAlMjAlMjAlMjAlMjAlMjAlMjAlMjAlMjAlMjAlMjBjb252ZXJzaW9uUmVzZXJ2YXRpb24lM0ElMjAlMjIlMjIlMkMlMEElMjAlMjAlMjAlMjAlMjAlMjAlMjAlMjAlMjAlMjAlMjAlMjAlMjAlMjAlMjAlMjBjb252ZXJzaW9uRW5xdWlyeSUzQSUyMCUyMiUyMiUyQyUwQSUyMCUyMCUyMCUyMCUyMCUyMCUyMCUyMCUyMCUyMCUyMCUyMCUyMCUyMCUyMCUyMHJlc2l6ZUludGVydmFsJTNBJTIwNTAwJTBBJTIwJTIwJTIwJTIwJTIwJTIwJTIwJTIwJTIwJTIwJTIwJTIwJTdEJTI5JTNCJTBBJTIwJTIwJTIwJTIwJTIwJTIwJTIwJTIwJTdEJTIwZWxzZSUyMCU3QnNldFRpbWVvdXQlMjhlYkZyb250ZW5kTG9hZGVkQ2hlY2slMkMyMDAlMjklM0IlN0QlMEElMjAlMjAlMjAlMjAlN0QlMjBlbHNlJTIwJTdCc2V0VGltZW91dCUyOGViRnJvbnRlbmRMb2FkZWRDaGVjayUyQzIwMCUyOSUzQiU3RCUwQSU3RCUwQWViRnJvbnRlbmRMb2FkZWRDaGVjayUyOCUyOSUzQiUzQyUyRnNjcmlwdCUzRQ==[\/vc_raw_html][\/vc_column_inner][\/vc_row_inner][\/vc_column][\/vc_row][vc_row full_width=&#8220;stretch_row&#8220; css=&#8220;.vc_custom_1527765232455{background-color: #ffffff !important;}&#8220;][vc_column width=&#8220;1\/6&#8243; css=&#8220;.vc_custom_1527765680497{padding-right: 10px !important;padding-left: 10px !important;}&#8220;][\/vc_column][vc_column width=&#8220;4\/6&#8243;]<div id=\"ultimate-heading-641869f2810d48d93\" class=\"uvc-heading ult-adjust-bottom-margin ultimate-heading-641869f2810d48d93 uvc-5462 \" data-hspacer=\"line_only\"  data-halign=\"center\" style=\"text-align:center\"><div class=\"uvc-main-heading ult-responsive\"  data-ultimate-target='.uvc-heading.ultimate-heading-641869f2810d48d93 h2'  data-responsive-json-new='{\"font-size\":\"\",\"line-height\":\"\"}' ><h2 style=\"font-weight:normal;margin-bottom:10px;\">Kontaktujte n\u00e1s pre viac inform\u00e1ci\u00ed oh\u013eadom V\u00e1\u0161ho pobytu.<\/h2><\/div><div class=\"uvc-heading-spacer line_only\" style=\"margin-top:10px;margin-bottom:10px;height:1px;\"><span class=\"uvc-headings-line\" style=\"border-style:solid;border-bottom-width:1px;border-color:#848484;width:autopx;\"><\/span><\/div><div class=\"uvc-sub-heading ult-responsive\"  data-ultimate-target='.uvc-heading.ultimate-heading-641869f2810d48d93 .uvc-sub-heading '  data-responsive-json-new='{\"font-size\":\"\",\"line-height\":\"\"}'  style=\"font-weight:normal;margin-bottom:20px;\">Po\u0161lite n\u00e1m nez\u00e1v\u00e4zn\u00fd dopyt, alebo n\u00e1m zatelefonujte na tel. \u010d.: <a href=\"tel:00436645555784\">+43(0)664 5555784<\/a>. Te\u0161\u00edme sa na V\u00e1s!<\/div><\/div><div class=\"ult-spacer spacer-69f2810d48dbb\" data-id=\"69f2810d48dbb\" data-height=\"40\" data-height-mobile=\"40\" data-height-tab=\"40\" data-height-tab-portrait=\"\" data-height-mobile-landscape=\"\" style=\"clear:both;display:block;\"><\/div><header class='content-heading'>\n\t\t\t\t\t\t<h1 class='main-heading'>Info-Hotline<\/h1>\n\t\t\t\t\t\t<div class='main-subtitle'><header><a href=\"tel:00436645555784\">+43(0)664 5555784<\/a><\/header>\n<\/div>\t\t\t\t\t\t\n\t\t\t\t\t\t<div class='seperator'><\/div>\n\t\t\t\t\t<\/header>[\/vc_column][vc_column width=&#8220;1\/6&#8243;][\/vc_column][\/vc_row]<\/p>\n<\/div>","protected":false},"excerpt":{"rendered":"<p>[vc_row css=&#8220;.vc_custom_1527764409511{margin-top: 0px !important;padding-top: 0px !important;padding-bottom: 40px !important;background-color: #ffffff !important;}&#8220;][vc_column][vc_row_inner css=&#8220;.vc_custom_1527764453162{padding-top: 20px !important;}&#8220;][vc_column_inner][vc_raw_html]JTNDZGl2JTIwaWQlM0QlMjJlYkZyb250RW5kRnJhbWUlMjIlM0UlMjZuYnNwJTNCJTNDJTJGZGl2JTNFJTBBJTNDc2NyaXB0JTIwc3JjJTNEJTIyJTJGJTJGd3d3LmVhc3ktYm9va2luZy5hdCUyRmNsaWVudFdlYjAwMSUyRmpzJTJGanF1ZXJ5LmVhc3lib29raW5nLmZyb250ZW5kLnYyLmpzJTIyJTIwdHlwZSUzRCUyMnRleHQlMkZqYXZhc2NyaXB0JTIyJTNFJTNDJTJGc2NyaXB0JTNFJTBBJTNDc2NyaXB0JTIwdHlwZSUzRCUyMnRleHQlMkZqYXZhc2NyaXB0JTIyJTNFZnVuY3Rpb24lMjBlYkZyb250ZW5kTG9hZGVkQ2hlY2slMjglMjklMjAlN0IlMEElMjAlMjAlMjAlMjBpZiUyOHR5cGVvZiUyMGpRdWVyeSUyMCUyMSUzRCUyMCUyMnVuZGVmaW5lZCUyMiUyOSUyMCU3QiUwQSUyMCUyMCUyMCUyMCUyMCUyMCUyMCUyMGlmJTI4alF1ZXJ5LmZuLmViRnJvbnRFbmQlMjklMjAlN0IlMEElMjAlMjAlMjAlMjAlMjAlMjAlMjAlMjAlMjAlMjAlMjAlMjBqUXVlcnklMjglMjIlMjNlYkZyb250RW5kRnJhbWUlMjIlMjkuZWJGcm9udEVuZCUyOCU3QiUwQSUyMCUyMCUyMCUyMCUyMCUyMCUyMCUyMCUyMCUyMCUyMCUyMCUyMCUyMCUyMCUyMGN1c3RvbWVySWQlM0ElMjAyNTQxJTJDJTBBJTIwJTIwJTIwJTIwJTIwJTIwJTIwJTIwJTIwJTIwJTIwJTIwJTIwJTIwJTIwJTIwc2VyaWFsTm8lM0ElMjAlMjIyMzMxLTk2NTMtNzgzMiUyMiUyQyUwQSUyMCUyMCUyMCUyMCUyMCUyMCUyMCUyMCUyMCUyMCUyMCUyMCUyMCUyMCUyMCUyMGxvY2FsZUlkJTNBJTIwMSUyQyUwQSUyMCUyMCUyMCUyMCUyMCUyMCUyMCUyMCUyMCUyMCUyMCUyMCUyMCUyMCUyMCUyMGZyYW1lSWQlM0ElMjAlMjJlYkZyb250RW5kUGx1Z2luJTIyJTJDJTBBJTIwJTIwJTIwJTIwJTIwJTIwJTIwJTIwJTIwJTIwJTIwJTIwJTIwJTIwJTIwJTIwZnJhbWVXaWR0aCUzQSUyMCUyMmF1dG8lMjIlMkMlMEElMjAlMjAlMjAlMjAlMjAlMjAlMjAlMjAlMjAlMjAlMjAlMjAlMjAlMjAlMjAlMjBmcmFtZUhlaWdodCUzQSUyMCUyMmF1dG8lMjIlMkMlMEElMjAlMjAlMjAlMjAlMjAlMjAlMjAlMjAlMjAlMjAlMjAlMjAlMjAlMjAlMjAlMjBjb252ZXJzaW9uUmVzZXJ2YXRpb24lM0ElMjAlMjIlMjIlMkMlMEElMjAlMjAlMjAlMjAlMjAlMjAlMjAlMjAlMjAlMjAlMjAlMjAlMjAlMjAlMjAlMjBjb252ZXJzaW9uRW5xdWlyeSUzQSUyMCUyMiUyMiUyQyUwQSUyMCUyMCUyMCUyMCUyMCUyMCUyMCUyMCUyMCUyMCUyMCUyMCUyMCUyMCUyMCUyMHJlc2l6ZUludGVydmFsJTNBJTIwNTAwJTBBJTIwJTIwJTIwJTIwJTIwJTIwJTIwJTIwJTIwJTIwJTIwJTIwJTdEJTI5JTNCJTBBJTIwJTIwJTIwJTIwJTIwJTIwJTIwJTIwJTdEJTIwZWxzZSUyMCU3QnNldFRpbWVvdXQlMjhlYkZyb250ZW5kTG9hZGVkQ2hlY2slMkMyMDAlMjklM0IlN0QlMEElMjAlMjAlMjAlMjAlN0QlMjBlbHNlJTIwJTdCc2V0VGltZW91dCUyOGViRnJvbnRlbmRMb2FkZWRDaGVjayUyQzIwMCUyOSUzQiU3RCUwQSU3RCUwQWViRnJvbnRlbmRMb2FkZWRDaGVjayUyOCUyOSUzQiUzQyUyRnNjcmlwdCUzRQ==[\/vc_raw_html][\/vc_column_inner][\/vc_row_inner][\/vc_column][\/vc_row][vc_row full_width=&#8220;stretch_row&#8220; css=&#8220;.vc_custom_1527765232455{background-color: #ffffff !important;}&#8220;][vc_column width=&#8220;1\/6&#8243; css=&#8220;.vc_custom_1527765680497{padding-right: 10px !important;padding-left: 10px !important;}&#8220;][\/vc_column][vc_column width=&#8220;4\/6&#8243;][\/vc_column][vc_column width=&#8220;1\/6&#8243;][\/vc_column][\/vc_row]<\/p>\n","protected":false},"author":3,"featured_media":0,"parent":0,"menu_order":0,"comment_status":"closed","ping_status":"closed","template":"","meta":{"footnotes":""},"tags":[],"class_list":["post-5575","page","type-page","status-publish","hentry"],"_links":{"self":[{"href":"https:\/\/www.gaestehaus-zwischenberger.at\/sk\/wp-json\/wp\/v2\/pages\/5575","targetHints":{"allow":["GET"]}}],"collection":[{"href":"https:\/\/www.gaestehaus-zwischenberger.at\/sk\/wp-json\/wp\/v2\/pages"}],"about":[{"href":"https:\/\/www.gaestehaus-zwischenberger.at\/sk\/wp-json\/wp\/v2\/types\/page"}],"author":[{"embeddable":true,"href":"https:\/\/www.gaestehaus-zwischenberger.at\/sk\/wp-json\/wp\/v2\/users\/3"}],"replies":[{"embeddable":true,"href":"https:\/\/www.gaestehaus-zwischenberger.at\/sk\/wp-json\/wp\/v2\/comments?post=5575"}],"version-history":[{"count":4,"href":"https:\/\/www.gaestehaus-zwischenberger.at\/sk\/wp-json\/wp\/v2\/pages\/5575\/revisions"}],"predecessor-version":[{"id":5691,"href":"https:\/\/www.gaestehaus-zwischenberger.at\/sk\/wp-json\/wp\/v2\/pages\/5575\/revisions\/5691"}],"wp:attachment":[{"href":"https:\/\/www.gaestehaus-zwischenberger.at\/sk\/wp-json\/wp\/v2\/media?parent=5575"}],"wp:term":[{"taxonomy":"post_tag","embeddable":true,"href":"https:\/\/www.gaestehaus-zwischenberger.at\/sk\/wp-json\/wp\/v2\/tags?post=5575"}],"curies":[{"name":"wp","href":"https:\/\/api.w.org\/{rel}","templated":true}]}}