{"id":5578,"date":"2019-09-04T12:26:18","date_gmt":"2019-09-04T10:26:18","guid":{"rendered":"https:\/\/www.fewo-hohetauern.at\/?page_id=5578"},"modified":"2020-06-16T09:54:28","modified_gmt":"2020-06-16T07:54:28","slug":"nezavaezny-dopyt","status":"publish","type":"page","link":"https:\/\/www.gaestehaus-zwischenberger.at\/sk\/nezavaezny-dopyt\/","title":{"rendered":"Nez\u00e1v\u00e4zn\u00fd dopyt"},"content":{"rendered":"<div class=\"wpb-content-wrapper\"><p>[vc_row css=&#8220;.vc_custom_1527764409511{margin-top: 0px !important;padding-top: 0px !important;padding-bottom: 40px !important;background-color: #ffffff !important;}&#8220;][vc_column]<header class='content-heading'>\n\t\t\t\t\t\t<h1 class='main-heading'>Nez\u00e1v\u00e4zn\u00fd dopyt<\/h1>\n\t\t\t\t\t\t<div class='main-subtitle'><p>Z\u00edskajte svoju osobn\u00fa dovolenkov\u00fa ponuku v Apartm\u00e1novom dome\u00a0Hohe Tauern, alebo n\u00e1m zatelefonujte. Te\u0161\u00edme sa na V\u00e1s!<\/p>\n<\/div>\t\t\t\t\t\t\n\t\t\t\t\t\t<div class='seperator'><\/div>\n\t\t\t\t\t<\/header>[\/vc_column][\/vc_row][vc_row][vc_column][vc_raw_html]JTNDZGl2JTIwaWQlM0QlMjJlYkVucXVpcnklMjIlM0UlMjZuYnNwJTNCJTNDJTJGZGl2JTNFJTBBJTNDc2NyaXB0JTIwc3JjJTNEJTIyJTJGJTJGd3d3LmVhc3ktYm9va2luZy5hdCUyRmViUGx1Z2lucyUyRmVucXVpcnklMkZqcXVlcnkuZWFzeWJvb2tpbmcuZW5xdWlyeS52Mi5qcyUyMiUyMHR5cGUlM0QlMjJ0ZXh0JTJGamF2YXNjcmlwdCUyMiUzRSUzQyUyRnNjcmlwdCUzRSUwQSUzQ3NjcmlwdCUyMHR5cGUlM0QlMjJ0ZXh0JTJGamF2YXNjcmlwdCUyMiUzRWZ1bmN0aW9uJTIwZWJFbnF1aXJ5TG9hZGVkQ2hlY2slMjglMjklMjAlN0IlMEElMjAlMjAlMjAlMjBpZiUyOHR5cGVvZiUyMGpRdWVyeSUyMCUyMSUzRCUyMCUyMnVuZGVmaW5lZCUyMiUyOSUyMCU3QiUwQSUyMCUyMCUyMCUyMCUyMCUyMCUyMCUyMGlmJTI4alF1ZXJ5LmZuLmViRW5xdWlyeSUyOSUyMCU3QiUwQSUyMCUyMCUyMCUyMCUyMCUyMCUyMCUyMCUyMCUyMCUyMCUyMGpRdWVyeSUyOCUyMiUyM2ViRW5xdWlyeSUyMiUyOS5lYkVucXVpcnklMjglN0IlMEElMjAlMjAlMjAlMjAlMjAlMjAlMjAlMjAlMjAlMjAlMjAlMjAlMjAlMjAlMjAlMjBjdXN0b21lcklkJTNBJTIwMjU0MSUyQyUwQSUyMCUyMCUyMCUyMCUyMCUyMCUyMCUyMCUyMCUyMCUyMCUyMCUyMCUyMCUyMCUyMHNlcmlhbE5vJTNBJTIwJTIyMjMzMS05NjUzLTc4MzIlMjIlMkMlMEElMjAlMjAlMjAlMjAlMjAlMjAlMjAlMjAlMjAlMjAlMjAlMjAlMjAlMjAlMjAlMjBsb2NhbGVJZCUzQSUyMDElMkMlMEElMjAlMjAlMjAlMjAlMjAlMjAlMjAlMjAlMjAlMjAlMjAlMjAlMjAlMjAlMjAlMjBmb250Y29sb3IlM0ElMjAlMjJibGFjayUyMiUyQyUwQSUyMCUyMCUyMCUyMCUyMCUyMCUyMCUyMCUyMCUyMCUyMCUyMCUyMCUyMCUyMCUyMGJ1dHRvbmNvbG9yJTNBJTIyJTIyJTJDJTBBJTIwJTIwJTIwJTIwJTIwJTIwJTIwJTIwJTIwJTIwJTIwJTIwJTIwJTIwJTIwJTIwYnV0dG9uZm9udGNvbG9yJTNBJTIwJTIyJTIyJTJDJTBBJTIwJTIwJTIwJTIwJTIwJTIwJTIwJTIwJTIwJTIwJTIwJTIwJTIwJTIwJTIwJTIwc291cmNlJTNBJTIwJTIyJTIyJTJDJTBBJTIwJTIwJTIwJTIwJTIwJTIwJTIwJTIwJTIwJTIwJTIwJTIwJTIwJTIwJTIwJTIwY29tbWVudCUzQSUyMCUyMiUyMiUyQyUwQSUyMCUyMCUyMCUyMCUyMCUyMCUyMCUyMCUyMCUyMCUyMCUyMCUyMCUyMCUyMCUyMGNvbnZlcnNpb25FbnF1aXJ5JTNBJTIwJTIyJTIyJTBBJTIwJTIwJTIwJTIwJTIwJTIwJTIwJTIwJTIwJTIwJTIwJTIwJTdEJTI5JTNCJTBBJTIwJTIwJTIwJTIwJTIwJTIwJTIwJTIwJTdEJTIwZWxzZSUyMCU3QnNldFRpbWVvdXQlMjhlYkVucXVpcnlMb2FkZWRDaGVjayUyQzIwMCUyOSUzQiU3RCUwQSUyMCUyMCUyMCUyMCU3RCUyMGVsc2UlMjAlN0JzZXRUaW1lb3V0JTI4ZWJFbnF1aXJ5TG9hZGVkQ2hlY2slMkMyMDAlMjklM0IlN0QlMEElN0QlMEFlYkVucXVpcnlMb2FkZWRDaGVjayUyOCUyOSUzQiUzQyUyRnNjcmlwdCUzRQ==[\/vc_raw_html][\/vc_column][\/vc_row][vc_row full_width=&#8220;stretch_row&#8220; css=&#8220;.vc_custom_1527765232455{background-color: #ffffff !important;}&#8220;][vc_column width=&#8220;1\/6&#8243; css=&#8220;.vc_custom_1527765680497{padding-right: 10px !important;padding-left: 10px !important;}&#8220;][\/vc_column][vc_column width=&#8220;4\/6&#8243;]<div id=\"ultimate-heading-824569f8bb2411c53\" class=\"uvc-heading ult-adjust-bottom-margin ultimate-heading-824569f8bb2411c53 uvc-3605 \" data-hspacer=\"line_only\"  data-halign=\"center\" style=\"text-align:center\"><div class=\"uvc-main-heading ult-responsive\"  data-ultimate-target='.uvc-heading.ultimate-heading-824569f8bb2411c53 h2'  data-responsive-json-new='{\"font-size\":\"\",\"line-height\":\"\"}' ><h2 style=\"font-weight:normal;margin-bottom:10px;\">Alebo n\u00e1m zatelefonujte na tel. \u010d.: +43(0)664 5555784 . Te\u0161\u00edme sa na V\u00e1s! <\/h2><\/div><div class=\"uvc-heading-spacer line_only\" style=\"margin-top:10px;margin-bottom:10px;height:1px;\"><span class=\"uvc-headings-line\" style=\"border-style:solid;border-bottom-width:1px;border-color:#848484;width:autopx;\"><\/span><\/div><\/div><div class=\"ult-spacer spacer-69f8bb2411c78\" data-id=\"69f8bb2411c78\" data-height=\"40\" data-height-mobile=\"40\" data-height-tab=\"40\" data-height-tab-portrait=\"\" data-height-mobile-landscape=\"\" style=\"clear:both;display:block;\"><\/div><header class='content-heading'>\n\t\t\t\t\t\t<h1 class='main-heading'>Info-Hotline<\/h1>\n\t\t\t\t\t\t<div class='main-subtitle'><header><a href=\"tel:00436645555784\">+43(0)664 5555784<\/a><\/header>\n<\/div>\t\t\t\t\t\t\n\t\t\t\t\t\t<div class='seperator'><\/div>\n\t\t\t\t\t<\/header>[\/vc_column][vc_column width=&#8220;1\/6&#8243;][\/vc_column][\/vc_row]<\/p>\n<\/div>","protected":false},"excerpt":{"rendered":"<p>[vc_row css=&#8220;.vc_custom_1527764409511{margin-top: 0px !important;padding-top: 0px !important;padding-bottom: 40px !important;background-color: #ffffff !important;}&#8220;][vc_column][\/vc_column][\/vc_row][vc_row][vc_column][vc_raw_html]JTNDZGl2JTIwaWQlM0QlMjJlYkVucXVpcnklMjIlM0UlMjZuYnNwJTNCJTNDJTJGZGl2JTNFJTBBJTNDc2NyaXB0JTIwc3JjJTNEJTIyJTJGJTJGd3d3LmVhc3ktYm9va2luZy5hdCUyRmViUGx1Z2lucyUyRmVucXVpcnklMkZqcXVlcnkuZWFzeWJvb2tpbmcuZW5xdWlyeS52Mi5qcyUyMiUyMHR5cGUlM0QlMjJ0ZXh0JTJGamF2YXNjcmlwdCUyMiUzRSUzQyUyRnNjcmlwdCUzRSUwQSUzQ3NjcmlwdCUyMHR5cGUlM0QlMjJ0ZXh0JTJGamF2YXNjcmlwdCUyMiUzRWZ1bmN0aW9uJTIwZWJFbnF1aXJ5TG9hZGVkQ2hlY2slMjglMjklMjAlN0IlMEElMjAlMjAlMjAlMjBpZiUyOHR5cGVvZiUyMGpRdWVyeSUyMCUyMSUzRCUyMCUyMnVuZGVmaW5lZCUyMiUyOSUyMCU3QiUwQSUyMCUyMCUyMCUyMCUyMCUyMCUyMCUyMGlmJTI4alF1ZXJ5LmZuLmViRW5xdWlyeSUyOSUyMCU3QiUwQSUyMCUyMCUyMCUyMCUyMCUyMCUyMCUyMCUyMCUyMCUyMCUyMGpRdWVyeSUyOCUyMiUyM2ViRW5xdWlyeSUyMiUyOS5lYkVucXVpcnklMjglN0IlMEElMjAlMjAlMjAlMjAlMjAlMjAlMjAlMjAlMjAlMjAlMjAlMjAlMjAlMjAlMjAlMjBjdXN0b21lcklkJTNBJTIwMjU0MSUyQyUwQSUyMCUyMCUyMCUyMCUyMCUyMCUyMCUyMCUyMCUyMCUyMCUyMCUyMCUyMCUyMCUyMHNlcmlhbE5vJTNBJTIwJTIyMjMzMS05NjUzLTc4MzIlMjIlMkMlMEElMjAlMjAlMjAlMjAlMjAlMjAlMjAlMjAlMjAlMjAlMjAlMjAlMjAlMjAlMjAlMjBsb2NhbGVJZCUzQSUyMDElMkMlMEElMjAlMjAlMjAlMjAlMjAlMjAlMjAlMjAlMjAlMjAlMjAlMjAlMjAlMjAlMjAlMjBmb250Y29sb3IlM0ElMjAlMjJibGFjayUyMiUyQyUwQSUyMCUyMCUyMCUyMCUyMCUyMCUyMCUyMCUyMCUyMCUyMCUyMCUyMCUyMCUyMCUyMGJ1dHRvbmNvbG9yJTNBJTIyJTIyJTJDJTBBJTIwJTIwJTIwJTIwJTIwJTIwJTIwJTIwJTIwJTIwJTIwJTIwJTIwJTIwJTIwJTIwYnV0dG9uZm9udGNvbG9yJTNBJTIwJTIyJTIyJTJDJTBBJTIwJTIwJTIwJTIwJTIwJTIwJTIwJTIwJTIwJTIwJTIwJTIwJTIwJTIwJTIwJTIwc291cmNlJTNBJTIwJTIyJTIyJTJDJTBBJTIwJTIwJTIwJTIwJTIwJTIwJTIwJTIwJTIwJTIwJTIwJTIwJTIwJTIwJTIwJTIwY29tbWVudCUzQSUyMCUyMiUyMiUyQyUwQSUyMCUyMCUyMCUyMCUyMCUyMCUyMCUyMCUyMCUyMCUyMCUyMCUyMCUyMCUyMCUyMGNvbnZlcnNpb25FbnF1aXJ5JTNBJTIwJTIyJTIyJTBBJTIwJTIwJTIwJTIwJTIwJTIwJTIwJTIwJTIwJTIwJTIwJTIwJTdEJTI5JTNCJTBBJTIwJTIwJTIwJTIwJTIwJTIwJTIwJTIwJTdEJTIwZWxzZSUyMCU3QnNldFRpbWVvdXQlMjhlYkVucXVpcnlMb2FkZWRDaGVjayUyQzIwMCUyOSUzQiU3RCUwQSUyMCUyMCUyMCUyMCU3RCUyMGVsc2UlMjAlN0JzZXRUaW1lb3V0JTI4ZWJFbnF1aXJ5TG9hZGVkQ2hlY2slMkMyMDAlMjklM0IlN0QlMEElN0QlMEFlYkVucXVpcnlMb2FkZWRDaGVjayUyOCUyOSUzQiUzQyUyRnNjcmlwdCUzRQ==[\/vc_raw_html][\/vc_column][\/vc_row][vc_row full_width=&#8220;stretch_row&#8220; css=&#8220;.vc_custom_1527765232455{background-color: #ffffff !important;}&#8220;][vc_column width=&#8220;1\/6&#8243; css=&#8220;.vc_custom_1527765680497{padding-right: 10px !important;padding-left: 10px !important;}&#8220;][\/vc_column][vc_column width=&#8220;4\/6&#8243;][\/vc_column][vc_column width=&#8220;1\/6&#8243;][\/vc_column][\/vc_row]<\/p>\n","protected":false},"author":3,"featured_media":0,"parent":0,"menu_order":0,"comment_status":"closed","ping_status":"closed","template":"","meta":{"footnotes":""},"tags":[],"class_list":["post-5578","page","type-page","status-publish","hentry"],"_links":{"self":[{"href":"https:\/\/www.gaestehaus-zwischenberger.at\/sk\/wp-json\/wp\/v2\/pages\/5578","targetHints":{"allow":["GET"]}}],"collection":[{"href":"https:\/\/www.gaestehaus-zwischenberger.at\/sk\/wp-json\/wp\/v2\/pages"}],"about":[{"href":"https:\/\/www.gaestehaus-zwischenberger.at\/sk\/wp-json\/wp\/v2\/types\/page"}],"author":[{"embeddable":true,"href":"https:\/\/www.gaestehaus-zwischenberger.at\/sk\/wp-json\/wp\/v2\/users\/3"}],"replies":[{"embeddable":true,"href":"https:\/\/www.gaestehaus-zwischenberger.at\/sk\/wp-json\/wp\/v2\/comments?post=5578"}],"version-history":[{"count":4,"href":"https:\/\/www.gaestehaus-zwischenberger.at\/sk\/wp-json\/wp\/v2\/pages\/5578\/revisions"}],"predecessor-version":[{"id":5694,"href":"https:\/\/www.gaestehaus-zwischenberger.at\/sk\/wp-json\/wp\/v2\/pages\/5578\/revisions\/5694"}],"wp:attachment":[{"href":"https:\/\/www.gaestehaus-zwischenberger.at\/sk\/wp-json\/wp\/v2\/media?parent=5578"}],"wp:term":[{"taxonomy":"post_tag","embeddable":true,"href":"https:\/\/www.gaestehaus-zwischenberger.at\/sk\/wp-json\/wp\/v2\/tags?post=5578"}],"curies":[{"name":"wp","href":"https:\/\/api.w.org\/{rel}","templated":true}]}}